{"id":2279,"date":"2023-11-30T20:31:46","date_gmt":"2023-11-30T20:31:46","guid":{"rendered":"https:\/\/ilpoteredeilibri.it\/?product=astrologia-indiana-di-luciana-marinangeli"},"modified":"2023-11-30T20:36:43","modified_gmt":"2023-11-30T20:36:43","slug":"astrologia-indiana-di-luciana-marinangeli","status":"publish","type":"product","link":"https:\/\/ilpoteredeilibri.it\/?product=astrologia-indiana-di-luciana-marinangeli","title":{"rendered":"ASTROLOGIA INDIANA di LUCIANA MARINANGELI"},"content":{"rendered":"<p><strong>MATERIA<\/strong>: Astrologia<\/p>\n<p><strong>ANNO DI PUBBLICAZIONE<\/strong>: 1983<\/p>\n<p><strong>PREZZO<\/strong>: \u20ac 24.00<\/p>\n<p><strong>CONDIZIONI LIBRO<\/strong>: Buone condizioni, nella prima pagina c\u2019\u00e8 il segno di un adesivo  che si \u00e8 staccato nel corso del tempo, presenti alcune macchioline di umidit\u00e0<\/p>\n","protected":false},"excerpt":{"rendered":"<p>MATERIA: Astrologia ANNO DI PUBBLICAZIONE: 1983 PREZZO: \u20ac 24.00 CONDIZIONI LIBRO: Buone condizioni, nella prima pagina c\u2019\u00e8 il segno di un adesivo che si \u00e8 staccato nel corso del tempo, presenti alcune macchioline di umidit\u00e0<\/p>\n","protected":false},"featured_media":0,"comment_status":"closed","ping_status":"open","template":"","meta":{"_uag_custom_page_level_css":"","_themeisle_gutenberg_block_has_review":false,"_glsr_average":0,"_glsr_ranking":0,"_glsr_reviews":0},"product_brand":[],"product_cat":[19],"product_tag":[],"class_list":{"0":"post-2279","1":"product","2":"type-product","3":"status-publish","5":"product_cat-senza-categoria","7":"first","8":"instock","9":"product-type-simple"},"uagb_featured_image_src":{"full":false,"thumbnail":false,"medium":false,"medium_large":false,"large":false,"1536x1536":false,"2048x2048":false,"hestia-blog":false,"woocommerce_thumbnail_2x":false,"woocommerce_thumbnail":false,"woocommerce_single":false,"woocommerce_gallery_thumbnail":false},"uagb_author_info":{"display_name":"Master","author_link":"https:\/\/ilpoteredeilibri.it\/author"},"uagb_comment_info":0,"uagb_excerpt":"MATERIA: Astrologia ANNO DI PUBBLICAZIONE: 1983 PREZZO: \u20ac 24.00 CONDIZIONI LIBRO: Buone condizioni, nella prima pagina c\u2019\u00e8 il segno di un adesivo che si \u00e8 staccato nel corso del tempo, presenti alcune macchioline di umidit\u00e0","_links":{"self":[{"href":"https:\/\/ilpoteredeilibri.it\/index.php?rest_route=\/wp\/v2\/product\/2279","targetHints":{"allow":["GET"]}}],"collection":[{"href":"https:\/\/ilpoteredeilibri.it\/index.php?rest_route=\/wp\/v2\/product"}],"about":[{"href":"https:\/\/ilpoteredeilibri.it\/index.php?rest_route=\/wp\/v2\/types\/product"}],"replies":[{"embeddable":true,"href":"https:\/\/ilpoteredeilibri.it\/index.php?rest_route=%2Fwp%2Fv2%2Fcomments&post=2279"}],"wp:attachment":[{"href":"https:\/\/ilpoteredeilibri.it\/index.php?rest_route=%2Fwp%2Fv2%2Fmedia&parent=2279"}],"wp:term":[{"taxonomy":"product_brand","embeddable":true,"href":"https:\/\/ilpoteredeilibri.it\/index.php?rest_route=%2Fwp%2Fv2%2Fproduct_brand&post=2279"},{"taxonomy":"product_cat","embeddable":true,"href":"https:\/\/ilpoteredeilibri.it\/index.php?rest_route=%2Fwp%2Fv2%2Fproduct_cat&post=2279"},{"taxonomy":"product_tag","embeddable":true,"href":"https:\/\/ilpoteredeilibri.it\/index.php?rest_route=%2Fwp%2Fv2%2Fproduct_tag&post=2279"}],"curies":[{"name":"wp","href":"https:\/\/api.w.org\/{rel}","templated":true}]}}